{"id":608,"date":"2025-02-04T12:02:39","date_gmt":"2025-02-04T11:02:39","guid":{"rendered":"https:\/\/salessummit.de\/booking\/shop\/crepe-stand\/"},"modified":"2026-03-18T14:23:53","modified_gmt":"2026-03-18T13:23:53","slug":"crepe-stand","status":"publish","type":"product","link":"https:\/\/salessummit.eu\/booking\/shop\/crepe-stand\/","title":{"rendered":"Cr\u00eape stand"},"content":{"rendered":"<p data-start=\"0\" data-end=\"58\"><strong data-start=\"0\" data-end=\"58\">Cr\u00eape stand at the Summit <\/strong><\/p>\n<p data-start=\"60\" data-end=\"298\">Attract visitors directly to your stand with the irresistible aroma of freshly prepared cr\u00eapes! Our cr\u00eape stand is seamlessly integrated into your appearance at the Summit and ensures maximum visibility and enjoyable contact moments. <\/p>\n<p data-start=\"300\" data-end=\"469\">Including: <strong data-start=\"311\" data-end=\"366\">space, equipment, individual branding (<span data-sheets-root=\"1\">counter, napkins)<\/span>, staff<\/strong> &#8211; and <strong data-start=\"373\" data-end=\"404\">600 portions for two days<\/strong>.<br data-start=\"405\" data-end=\"408\">Hungry for more? <strong data-start=\"421\" data-end=\"460\">100 additional portions can be booked for \u20ac813<\/strong>.<\/p>\n<p data-start=\"300\" data-end=\"469\">Distribution times day 1 <span data-sheets-root=\"1\">10:30-18:00 \/ day 2 10:30-17:00<\/span><\/p>\n<p data-start=\"471\" data-end=\"534\" data-is-last-node=\"\" data-is-only-node=\"\"><strong data-start=\"471\" data-end=\"534\" data-is-last-node=\"\">Take off now with a sweet highlight and a strong presence!<\/strong><\/p>\n","protected":false},"excerpt":{"rendered":"<p>Cr\u00eape stand at the Summit Attract visitors directly to your stand with the irresistible aroma of freshly prepared cr\u00eapes! Our cr\u00eape stand is seamlessly integrated into your appearance at the Summit and ensures maximum visibility and enjoyable contact moments. Including: space, equipment, individual branding (counter, napkins), staff &#8211; and 600 portions for two days.Hungry for&hellip; <a class=\"more-link\" href=\"https:\/\/salessummit.eu\/booking\/shop\/crepe-stand\/\">Continue reading <span class=\"screen-reader-text\">Cr\u00eape stand<\/span><\/a><\/p>\n","protected":false},"featured_media":746,"comment_status":"open","ping_status":"closed","template":"","meta":[],"product_brand":[],"product_cat":[39],"product_tag":[],"class_list":{"0":"post-608","1":"product","2":"type-product","3":"status-publish","4":"has-post-thumbnail","6":"product_cat-food-beverage-en","7":"entry","9":"first","10":"instock","11":"sold-individually","12":"taxable","13":"shipping-taxable","14":"purchasable","15":"product-type-simple"},"_links":{"self":[{"href":"https:\/\/salessummit.eu\/booking\/wp-json\/wp\/v2\/product\/608","targetHints":{"allow":["GET"]}}],"collection":[{"href":"https:\/\/salessummit.eu\/booking\/wp-json\/wp\/v2\/product"}],"about":[{"href":"https:\/\/salessummit.eu\/booking\/wp-json\/wp\/v2\/types\/product"}],"replies":[{"embeddable":true,"href":"https:\/\/salessummit.eu\/booking\/wp-json\/wp\/v2\/comments?post=608"}],"wp:featuredmedia":[{"embeddable":true,"href":"https:\/\/salessummit.eu\/booking\/wp-json\/wp\/v2\/media\/746"}],"wp:attachment":[{"href":"https:\/\/salessummit.eu\/booking\/wp-json\/wp\/v2\/media?parent=608"}],"wp:term":[{"taxonomy":"product_brand","embeddable":true,"href":"https:\/\/salessummit.eu\/booking\/wp-json\/wp\/v2\/product_brand?post=608"},{"taxonomy":"product_cat","embeddable":true,"href":"https:\/\/salessummit.eu\/booking\/wp-json\/wp\/v2\/product_cat?post=608"},{"taxonomy":"product_tag","embeddable":true,"href":"https:\/\/salessummit.eu\/booking\/wp-json\/wp\/v2\/product_tag?post=608"}],"curies":[{"name":"wp","href":"https:\/\/api.w.org\/{rel}","templated":true}]}}